{"id":2225,"date":"2025-12-29T19:10:29","date_gmt":"2025-12-29T18:10:29","guid":{"rendered":"https:\/\/jpsagsiconstruction.fr\/?page_id=2225"},"modified":"2025-12-29T19:13:56","modified_gmt":"2025-12-29T18:13:56","slug":"nos-valeurs-partagees","status":"publish","type":"page","link":"https:\/\/jpsagsiconstruction.fr\/?page_id=2225","title":{"rendered":"Nos valeurs partag\u00e9es"},"content":{"rendered":"\t\t<div data-elementor-type=\"wp-page\" data-elementor-id=\"2225\" class=\"elementor elementor-2225\">\n\t\t\t\t<div class=\"elementor-element elementor-element-7dd99a5 e-flex e-con-boxed wpr-particle-no wpr-jarallax-no wpr-parallax-no wpr-sticky-section-no e-con e-parent\" data-id=\"7dd99a5\" data-element_type=\"container\" data-settings=\"{&quot;background_background&quot;:&quot;classic&quot;,&quot;_ha_eqh_enable&quot;:false}\">\n\t\t\t\t\t<div class=\"e-con-inner\">\n\t\t<div class=\"elementor-element elementor-element-895c450 e-con-full e-flex wpr-particle-no wpr-jarallax-no wpr-parallax-no wpr-sticky-section-no e-con e-child\" data-id=\"895c450\" data-element_type=\"container\" data-settings=\"{&quot;background_background&quot;:&quot;classic&quot;,&quot;position&quot;:&quot;absolute&quot;,&quot;_ha_eqh_enable&quot;:false}\">\n\t\t\t\t<\/div>\n\t\t<div class=\"elementor-element elementor-element-00f129e e-flex e-con-boxed wpr-particle-no wpr-jarallax-no wpr-parallax-no wpr-sticky-section-no e-con e-child\" data-id=\"00f129e\" data-element_type=\"container\" data-settings=\"{&quot;_ha_eqh_enable&quot;:false}\">\n\t\t\t\t\t<div class=\"e-con-inner\">\n\t\t\t\t<div class=\"elementor-element elementor-element-56b095b elementor-widget__width-initial ha-has-bg-overlay elementor-widget elementor-widget-heading\" data-id=\"56b095b\" data-element_type=\"widget\" data-widget_type=\"heading.default\">\n\t\t\t\t<div class=\"elementor-widget-container\">\n\t\t\t<style>\/*! elementor - v3.23.0 - 05-08-2024 *\/\n.elementor-heading-title{padding:0;margin:0;line-height:1}.elementor-widget-heading .elementor-heading-title[class*=elementor-size-]>a{color:inherit;font-size:inherit;line-height:inherit}.elementor-widget-heading .elementor-heading-title.elementor-size-small{font-size:15px}.elementor-widget-heading .elementor-heading-title.elementor-size-medium{font-size:19px}.elementor-widget-heading .elementor-heading-title.elementor-size-large{font-size:29px}.elementor-widget-heading .elementor-heading-title.elementor-size-xl{font-size:39px}.elementor-widget-heading .elementor-heading-title.elementor-size-xxl{font-size:59px}<\/style><h2 class=\"elementor-heading-title elementor-size-default\">Sponsoring dans le Sport Automobile :\nUne Valeur Partag\u00e9e pour L'Innovation et l'Excellence<\/h2>\t\t<\/div>\n\t\t\t\t<\/div>\n\t\t\t\t\t<\/div>\n\t\t\t\t<\/div>\n\t\t\t\t\t<\/div>\n\t\t\t\t<\/div>\n\t\t<div class=\"elementor-element elementor-element-a47f112 e-flex e-con-boxed wpr-particle-no wpr-jarallax-no wpr-parallax-no wpr-sticky-section-no e-con e-parent\" data-id=\"a47f112\" data-element_type=\"container\" data-settings=\"{&quot;background_background&quot;:&quot;classic&quot;,&quot;_ha_eqh_enable&quot;:false}\">\n\t\t\t\t\t<div class=\"e-con-inner\">\n\t\t<div class=\"elementor-element elementor-element-e866465 e-con-full e-flex wpr-particle-no wpr-jarallax-no wpr-parallax-no wpr-sticky-section-no e-con e-child\" data-id=\"e866465\" data-element_type=\"container\" data-settings=\"{&quot;background_background&quot;:&quot;classic&quot;,&quot;_ha_eqh_enable&quot;:false}\">\n\t\t\t\t<div class=\"elementor-element elementor-element-6d5e29e elementor-widget elementor-widget-heading\" data-id=\"6d5e29e\" data-element_type=\"widget\" data-widget_type=\"heading.default\">\n\t\t\t\t<div class=\"elementor-widget-container\">\n\t\t\t<h2 class=\"elementor-heading-title elementor-size-default\">Le Sport Automobile, un Partenaire de Prestige pour une Soci\u00e9t\u00e9 Visionnaire<\/h2>\t\t<\/div>\n\t\t\t\t<\/div>\n\t\t\t\t<div class=\"elementor-element elementor-element-4d2c330 vendre-link elementor-widget elementor-widget-text-editor\" data-id=\"4d2c330\" data-element_type=\"widget\" data-widget_type=\"text-editor.default\">\n\t\t\t\t<div class=\"elementor-widget-container\">\n\t\t\t<style>\/*! elementor - v3.23.0 - 05-08-2024 *\/\n.elementor-widget-text-editor.elementor-drop-cap-view-stacked .elementor-drop-cap{background-color:#69727d;color:#fff}.elementor-widget-text-editor.elementor-drop-cap-view-framed .elementor-drop-cap{color:#69727d;border:3px solid;background-color:transparent}.elementor-widget-text-editor:not(.elementor-drop-cap-view-default) .elementor-drop-cap{margin-top:8px}.elementor-widget-text-editor:not(.elementor-drop-cap-view-default) .elementor-drop-cap-letter{width:1em;height:1em}.elementor-widget-text-editor .elementor-drop-cap{float:left;text-align:center;line-height:1;font-size:50px}.elementor-widget-text-editor .elementor-drop-cap-letter{display:inline-block}<\/style>\t\t\t\t<p>Chez <strong>JPSA PROMOTION<\/strong>, la promotion immobili\u00e8re va au-del\u00e0 du simple d\u00e9veloppement de projets : il s\u2019agit de cr\u00e9er des espaces de vie et de travail qui anticipent les besoins de demain, tout en incarnant l\u2019excellence et l&#8217;innovation. En parall\u00e8le de notre activit\u00e9 principale, nous nous engageons \u00e0 promouvoir des valeurs fondamentales \u00e0 travers des partenariats strat\u00e9giques. C\u2019est pourquoi nous avons choisi de soutenir le sport automobile, une discipline o\u00f9 la performance, la recherche de l\u2019excellence et la technologie de pointe sont des \u00e9l\u00e9ments cl\u00e9s, tout comme dans notre secteur.<\/p><p>Notre approche de l&#8217;immobilier s&#8217;inscrit dans une d\u00e9marche globale, o\u00f9 nous mettons en valeur des projets durables, modernes et \u00e0 fort impact. En soutenant des \u00e9quipes et \u00e9v\u00e9nements de sport automobile, nous renfor\u00e7ons notre image d&#8217;entreprise engag\u00e9e, innovante et capable de repousser les limites dans un secteur toujours en \u00e9volution.<\/p>\t\t\t\t\t\t<\/div>\n\t\t\t\t<\/div>\n\t\t\t\t<div class=\"elementor-element elementor-element-1770960 elementor-widget elementor-widget-heading\" data-id=\"1770960\" data-element_type=\"widget\" data-widget_type=\"heading.default\">\n\t\t\t\t<div class=\"elementor-widget-container\">\n\t\t\t<h2 class=\"elementor-heading-title elementor-size-default\">Nos Partenariats : L'Excellence au Service de l\u2019entreprise<\/h2>\t\t<\/div>\n\t\t\t\t<\/div>\n\t\t\t\t<div class=\"elementor-element elementor-element-58dae58 vendre-link elementor-widget elementor-widget-text-editor\" data-id=\"58dae58\" data-element_type=\"widget\" data-widget_type=\"text-editor.default\">\n\t\t\t\t<div class=\"elementor-widget-container\">\n\t\t\t\t\t\t\t<p>Bien que notre c\u0153ur de m\u00e9tier soit la promotion immobili\u00e8re, nous croyons fermement que chaque partenariat est une opportunit\u00e9 de renforcer notre engagement envers des valeurs d&#8217;excellence, de performance et d&#8217;innovation. Nous avons ainsi choisi de nous associer au sport automobile au travers d\u2019\u00e9quipes et de pilotes, un secteur qui incarne ces principes, pour mettre en lumi\u00e8re notre savoir-faire en mati\u00e8re de d\u00e9veloppement immobilier.<\/p><p>Nos projets immobiliers reposent sur une vision strat\u00e9gique \u00e0 long terme, visant \u00e0 d\u00e9velopper des espaces durables, innovants et adapt\u00e9s aux besoins de demain. De m\u00eame, notre sponsoring dans le sport automobile s&#8217;inscrit dans cette logique d\u2019investissement sur le long terme, visant \u00e0 renforcer notre visibilit\u00e9 tout en contribuant \u00e0 des projets et des \u00e9v\u00e9nements o\u00f9 l\u2019innovation et la recherche de la perfection sont primordiaux.<\/p><p>Parmi nos collaborations :<\/p><ul><li><p><strong>SCHUMACHER-CLRT \u2013<\/strong> Une \u00e9quipe que nous soutenons pour son engagement \u00e0 d\u00e9passer les limites de la performance, un parall\u00e8le direct avec nos projets immobiliers o\u00f9 chaque d\u00e9tail compte pour offrir des solutions d\u2019habitat modernes et durables. <strong>L\u2019\u00e9quipe SCHUMACHER-CLRT est la seule \u00e9quipe fran\u00e7aise \u00e0 avoir gagn\u00e9 le championnat du monde Porsche \u2013 SUPERCUP par \u00e9quipe et pilote. Elle a gagn\u00e9 \u00e9galement 4 fois par \u00e9quipe et pilote la Porsche Carrera Cup France. Elle participe \u00e9galement au championnat du monde GT3.<\/strong><\/p><\/li><li><p><strong>Edgar Pierre, espoir automobile participant \u00e0 des championnats prestigieux (F4 FFSA, LMP3, Michelin Le mans cup,\u2026)<\/strong><\/p><\/li><li><p><strong>CG MOTORSPORT &amp; ABM AUTOMOBILES BUSINESS MANAGEMENT \u2013<\/strong> En nous associant \u00e0 ces \u00e9quipes, nous mettons en avant notre vision d\u2019une soci\u00e9t\u00e9 en constante \u00e9volution, dans laquelle l\u2019innovation et la qu\u00eate d\u2019excellence ne sont jamais des compromis.<\/p><\/li><\/ul>\t\t\t\t\t\t<\/div>\n\t\t\t\t<\/div>\n\t\t\t\t<div class=\"elementor-element elementor-element-5a13524 elementor-widget elementor-widget-heading\" data-id=\"5a13524\" data-element_type=\"widget\" data-widget_type=\"heading.default\">\n\t\t\t\t<div class=\"elementor-widget-container\">\n\t\t\t<h2 class=\"elementor-heading-title elementor-size-default\">Pourquoi le Sport Automobile ?<\/h2>\t\t<\/div>\n\t\t\t\t<\/div>\n\t\t\t\t<div class=\"elementor-element elementor-element-7ac5cdc vendre-link elementor-widget elementor-widget-text-editor\" data-id=\"7ac5cdc\" data-element_type=\"widget\" data-widget_type=\"text-editor.default\">\n\t\t\t\t<div class=\"elementor-widget-container\">\n\t\t\t\t\t\t\t<p>Le sport automobile repr\u00e9sente un environnement o\u00f9 l&#8217;innovation, la technologie et la strat\u00e9gie sont essentiels pour parvenir \u00e0 la r\u00e9ussite. Ce domaine exige un haut niveau de performance, une capacit\u00e9 \u00e0 s\u2019adapter en permanence aux nouvelles technologies et aux d\u00e9fis. Il n\u2019est donc pas surprenant que nous voyions dans cette discipline un miroir parfait des principes que nous appliquons \u00e0 nos projets immobiliers.<\/p><p>Dans notre m\u00e9tier, que ce soit dans le <strong>d\u00e9veloppement r\u00e9sidentiel<\/strong> ou dans la <strong>construction d\u2019infrastructures modernes<\/strong>, l\u2019innovation est au c\u0153ur de chaque \u00e9tape de notre travail. De la conception de b\u00e2timents intelligents et \u00e9cologiques \u00e0 la recherche de solutions qui r\u00e9pondent aux besoins des habitants de demain, notre approche est r\u00e9solument tourn\u00e9e vers l&#8217;avenir. En sponsorisant des \u00e9v\u00e9nements de sport automobile, nous soulignons cette recherche constante de perfection et de progr\u00e8s.<\/p>\t\t\t\t\t\t<\/div>\n\t\t\t\t<\/div>\n\t\t\t\t<div class=\"elementor-element elementor-element-bb5f841 elementor-widget elementor-widget-heading\" data-id=\"bb5f841\" data-element_type=\"widget\" data-widget_type=\"heading.default\">\n\t\t\t\t<div class=\"elementor-widget-container\">\n\t\t\t<h2 class=\"elementor-heading-title elementor-size-default\">Nos Valeurs Partag\u00e9es : Innover pour Cr\u00e9er des Espaces d'Avenir<\/h2>\t\t<\/div>\n\t\t\t\t<\/div>\n\t\t\t\t<div class=\"elementor-element elementor-element-4f8c85e vendre-link elementor-widget elementor-widget-text-editor\" data-id=\"4f8c85e\" data-element_type=\"widget\" data-widget_type=\"text-editor.default\">\n\t\t\t\t<div class=\"elementor-widget-container\">\n\t\t\t\t\t\t\t<p>Les partenariats que nous \u00e9tablissons reposent sur des valeurs communes, qui transcendent le sport automobile et l\u2019immobilier pour mettre en lumi\u00e8re des principes d\u2019excellence et de responsabilit\u00e9 :<\/p><ul><li><strong>L&#8217;Innovation :<\/strong> Tout comme dans notre approche de la <strong>promotion immobili\u00e8re<\/strong>, o\u00f9 nous investissons dans des technologies de pointe pour la construction de b\u00e2timents durables et intelligents, le sport automobile nous permet de promouvoir des solutions novatrices qui font la diff\u00e9rence.<\/li><li><strong>L&#8217;Excellence :<\/strong> Chaque projet immobilier que nous d\u00e9veloppons vise \u00e0 offrir un produit de la plus haute qualit\u00e9. En soutenant des \u00e9quipes de sport automobile, nous affirmons notre engagement \u00e0 toujours viser l&#8217;excellence, que ce soit dans la conception de nos projets ou dans nos actions de soutien aux \u00e9v\u00e9nements sportifs.<\/li><li><strong>La Responsabilit\u00e9 Durable :<\/strong> Nous avons \u00e0 c\u0153ur de d\u00e9velopper des projets immobiliers qui respectent des normes environnementales strictes. De m\u00eame, le sport automobile moderne place \u00e9galement l\u2019accent sur des pratiques durables, notamment \u00e0 travers des solutions techniques permettant de r\u00e9duire l&#8217;empreinte carbone des courses.<\/li><\/ul>\t\t\t\t\t\t<\/div>\n\t\t\t\t<\/div>\n\t\t\t\t<\/div>\n\t\t\t\t\t<\/div>\n\t\t\t\t<\/div>\n\t\t\t\t<\/div>\n\t\t","protected":false},"excerpt":{"rendered":"<p>Sponsoring dans le Sport Automobile : Une Valeur Partag\u00e9e pour L&#8217;Innovation et l&#8217;Excellence Le Sport Automobile, un Partenaire de Prestige pour une Soci\u00e9t\u00e9 Visionnaire Chez JPSA PROMOTION, la promotion immobili\u00e8re va au-del\u00e0 du simple d\u00e9veloppement de projets : il s\u2019agit de cr\u00e9er des espaces de vie et de travail qui anticipent les besoins de demain, tout en incarnant l\u2019excellence et l&#8217;innovation. En parall\u00e8le de notre activit\u00e9 principale, nous nous engageons \u00e0 promouvoir des valeurs fondamentales \u00e0 travers des partenariats strat\u00e9giques. C\u2019est pourquoi nous avons choisi de soutenir le sport automobile, une discipline o\u00f9 la performance, la recherche de l\u2019excellence et la technologie de pointe sont des \u00e9l\u00e9ments cl\u00e9s, tout comme dans notre secteur. Notre approche de l&#8217;immobilier s&#8217;inscrit dans une d\u00e9marche globale, o\u00f9 nous mettons en valeur des projets durables, modernes et \u00e0 fort impact. En soutenant des \u00e9quipes et \u00e9v\u00e9nements de sport automobile, nous renfor\u00e7ons notre image d&#8217;entreprise engag\u00e9e, innovante et capable de repousser les limites dans un secteur toujours en \u00e9volution. Nos Partenariats : L&#8217;Excellence au Service de l\u2019entreprise Bien que notre c\u0153ur de m\u00e9tier soit la promotion immobili\u00e8re, nous croyons fermement que chaque partenariat est une opportunit\u00e9 de renforcer notre engagement envers des valeurs d&#8217;excellence, de performance et d&#8217;innovation. Nous avons ainsi choisi de nous associer au sport automobile au travers d\u2019\u00e9quipes et de pilotes, un secteur qui incarne ces principes, pour mettre en lumi\u00e8re notre savoir-faire en mati\u00e8re de d\u00e9veloppement immobilier. Nos projets immobiliers reposent sur une vision strat\u00e9gique \u00e0 long terme, visant \u00e0 d\u00e9velopper des espaces durables, innovants et adapt\u00e9s aux besoins de demain. De m\u00eame, notre sponsoring dans le sport automobile s&#8217;inscrit dans cette logique d\u2019investissement sur le long terme, visant \u00e0 renforcer notre visibilit\u00e9 tout en contribuant \u00e0 des projets et des \u00e9v\u00e9nements o\u00f9 l\u2019innovation et la recherche de la perfection sont primordiaux. Parmi nos collaborations : SCHUMACHER-CLRT \u2013 Une \u00e9quipe que nous soutenons pour son engagement \u00e0 d\u00e9passer les limites de la performance, un parall\u00e8le direct avec nos projets immobiliers o\u00f9 chaque d\u00e9tail compte pour offrir des solutions d\u2019habitat modernes et durables. L\u2019\u00e9quipe SCHUMACHER-CLRT est la seule \u00e9quipe fran\u00e7aise \u00e0 avoir gagn\u00e9 le championnat du monde Porsche \u2013 SUPERCUP par \u00e9quipe et pilote. Elle a gagn\u00e9 \u00e9galement 4 fois par \u00e9quipe et pilote la Porsche Carrera Cup France. Elle participe \u00e9galement au championnat du monde GT3. Edgar Pierre, espoir automobile participant \u00e0 des championnats prestigieux (F4 FFSA, LMP3, Michelin Le mans cup,\u2026) CG MOTORSPORT &amp; ABM AUTOMOBILES BUSINESS MANAGEMENT \u2013 En nous associant \u00e0 ces \u00e9quipes, nous mettons en avant notre vision d\u2019une soci\u00e9t\u00e9 en constante \u00e9volution, dans laquelle l\u2019innovation et la qu\u00eate d\u2019excellence ne sont jamais des compromis. Pourquoi le Sport Automobile ? Le sport automobile repr\u00e9sente un environnement o\u00f9 l&#8217;innovation, la technologie et la strat\u00e9gie sont essentiels pour parvenir \u00e0 la r\u00e9ussite. Ce domaine exige un haut niveau de performance, une capacit\u00e9 \u00e0 s\u2019adapter en permanence aux nouvelles technologies et aux d\u00e9fis. Il n\u2019est donc pas surprenant que nous voyions dans cette discipline un miroir parfait des principes que nous appliquons \u00e0 nos projets immobiliers. Dans notre m\u00e9tier, que ce soit dans le d\u00e9veloppement r\u00e9sidentiel ou dans la construction d\u2019infrastructures modernes, l\u2019innovation est au c\u0153ur de chaque \u00e9tape de notre travail. De la conception de b\u00e2timents intelligents et \u00e9cologiques \u00e0 la recherche de solutions qui r\u00e9pondent aux besoins des habitants de demain, notre approche est r\u00e9solument tourn\u00e9e vers l&#8217;avenir. En sponsorisant des \u00e9v\u00e9nements de sport automobile, nous soulignons cette recherche constante de perfection et de progr\u00e8s. Nos Valeurs Partag\u00e9es : Innover pour Cr\u00e9er des Espaces d&#8217;Avenir Les partenariats que nous \u00e9tablissons reposent sur des valeurs communes, qui transcendent le sport automobile et l\u2019immobilier pour mettre en lumi\u00e8re des principes d\u2019excellence et de responsabilit\u00e9 : L&#8217;Innovation : Tout comme dans notre approche de la promotion immobili\u00e8re, o\u00f9 nous investissons dans des technologies de pointe pour la construction de b\u00e2timents durables et intelligents, le sport automobile nous permet de promouvoir des solutions novatrices qui font la diff\u00e9rence. L&#8217;Excellence : Chaque projet immobilier que nous d\u00e9veloppons vise \u00e0 offrir un produit de la plus haute qualit\u00e9. En soutenant des \u00e9quipes de sport automobile, nous affirmons notre engagement \u00e0 toujours viser l&#8217;excellence, que ce soit dans la conception de nos projets ou dans nos actions de soutien aux \u00e9v\u00e9nements sportifs. La Responsabilit\u00e9 Durable : Nous avons \u00e0 c\u0153ur de d\u00e9velopper des projets immobiliers qui respectent des normes environnementales strictes. De m\u00eame, le sport automobile moderne place \u00e9galement l\u2019accent sur des pratiques durables, notamment \u00e0 travers des solutions techniques permettant de r\u00e9duire l&#8217;empreinte carbone des courses.<\/p>\n","protected":false},"author":1,"featured_media":0,"parent":0,"menu_order":0,"comment_status":"closed","ping_status":"closed","template":"","meta":{"_acf_changed":false,"footnotes":""},"class_list":["post-2225","page","type-page","status-publish","hentry"],"acf":[],"yoast_head":"<!-- This site is optimized with the Yoast SEO plugin v23.3 - https:\/\/yoast.com\/wordpress\/plugins\/seo\/ -->\n<title>Nos valeurs partag\u00e9es - JPSA GSI CONSTRUCTION<\/title>\n<meta name=\"description\" content=\"Sponsoring dans le Sport Automobile : Une Valeur Partag\u00e9e pour L&#039;Innovation et l&#039;Excellence\" \/>\n<meta name=\"robots\" content=\"index, follow, max-snippet:-1, max-image-preview:large, max-video-preview:-1\" \/>\n<link rel=\"canonical\" href=\"https:\/\/jpsagsiconstruction.fr\/?page_id=2225\" \/>\n<meta property=\"og:locale\" content=\"fr_FR\" \/>\n<meta property=\"og:type\" content=\"article\" \/>\n<meta property=\"og:title\" content=\"Nos valeurs partag\u00e9es - JPSA GSI CONSTRUCTION\" \/>\n<meta property=\"og:description\" content=\"Sponsoring dans le Sport Automobile : Une Valeur Partag\u00e9e pour L&#039;Innovation et l&#039;Excellence\" \/>\n<meta property=\"og:url\" content=\"https:\/\/jpsagsiconstruction.fr\/?page_id=2225\" \/>\n<meta property=\"og:site_name\" content=\"JPSA GSI CONSTRUCTION\" \/>\n<meta property=\"article:modified_time\" content=\"2025-12-29T18:13:56+00:00\" \/>\n<meta name=\"twitter:card\" content=\"summary_large_image\" \/>\n<meta name=\"twitter:label1\" content=\"Dur\u00e9e de lecture estim\u00e9e\" \/>\n\t<meta name=\"twitter:data1\" content=\"4 minutes\" \/>\n<script type=\"application\/ld+json\" class=\"yoast-schema-graph\">{\"@context\":\"https:\/\/schema.org\",\"@graph\":[{\"@type\":\"WebPage\",\"@id\":\"https:\/\/jpsagsiconstruction.fr\/?page_id=2225\",\"url\":\"https:\/\/jpsagsiconstruction.fr\/?page_id=2225\",\"name\":\"Nos valeurs partag\u00e9es - JPSA GSI CONSTRUCTION\",\"isPartOf\":{\"@id\":\"https:\/\/jpsagsiconstruction.fr\/#website\"},\"datePublished\":\"2025-12-29T18:10:29+00:00\",\"dateModified\":\"2025-12-29T18:13:56+00:00\",\"description\":\"Sponsoring dans le Sport Automobile : Une Valeur Partag\u00e9e pour L'Innovation et l'Excellence\",\"breadcrumb\":{\"@id\":\"https:\/\/jpsagsiconstruction.fr\/?page_id=2225#breadcrumb\"},\"inLanguage\":\"fr-FR\",\"potentialAction\":[{\"@type\":\"ReadAction\",\"target\":[\"https:\/\/jpsagsiconstruction.fr\/?page_id=2225\"]}]},{\"@type\":\"BreadcrumbList\",\"@id\":\"https:\/\/jpsagsiconstruction.fr\/?page_id=2225#breadcrumb\",\"itemListElement\":[{\"@type\":\"ListItem\",\"position\":1,\"name\":\"Accueil\",\"item\":\"https:\/\/jpsagsiconstruction.fr\/\"},{\"@type\":\"ListItem\",\"position\":2,\"name\":\"Nos valeurs partag\u00e9es\"}]},{\"@type\":\"WebSite\",\"@id\":\"https:\/\/jpsagsiconstruction.fr\/#website\",\"url\":\"https:\/\/jpsagsiconstruction.fr\/\",\"name\":\"JPSA GSI CONSTRUCTION\",\"description\":\"\",\"potentialAction\":[{\"@type\":\"SearchAction\",\"target\":{\"@type\":\"EntryPoint\",\"urlTemplate\":\"https:\/\/jpsagsiconstruction.fr\/?s={search_term_string}\"},\"query-input\":\"required name=search_term_string\"}],\"inLanguage\":\"fr-FR\"}]}<\/script>\n<!-- \/ Yoast SEO plugin. -->","yoast_head_json":{"title":"Nos valeurs partag\u00e9es - JPSA GSI CONSTRUCTION","description":"Sponsoring dans le Sport Automobile : Une Valeur Partag\u00e9e pour L'Innovation et l'Excellence","robots":{"index":"index","follow":"follow","max-snippet":"max-snippet:-1","max-image-preview":"max-image-preview:large","max-video-preview":"max-video-preview:-1"},"canonical":"https:\/\/jpsagsiconstruction.fr\/?page_id=2225","og_locale":"fr_FR","og_type":"article","og_title":"Nos valeurs partag\u00e9es - JPSA GSI CONSTRUCTION","og_description":"Sponsoring dans le Sport Automobile : Une Valeur Partag\u00e9e pour L'Innovation et l'Excellence","og_url":"https:\/\/jpsagsiconstruction.fr\/?page_id=2225","og_site_name":"JPSA GSI CONSTRUCTION","article_modified_time":"2025-12-29T18:13:56+00:00","twitter_card":"summary_large_image","twitter_misc":{"Dur\u00e9e de lecture estim\u00e9e":"4 minutes"},"schema":{"@context":"https:\/\/schema.org","@graph":[{"@type":"WebPage","@id":"https:\/\/jpsagsiconstruction.fr\/?page_id=2225","url":"https:\/\/jpsagsiconstruction.fr\/?page_id=2225","name":"Nos valeurs partag\u00e9es - JPSA GSI CONSTRUCTION","isPartOf":{"@id":"https:\/\/jpsagsiconstruction.fr\/#website"},"datePublished":"2025-12-29T18:10:29+00:00","dateModified":"2025-12-29T18:13:56+00:00","description":"Sponsoring dans le Sport Automobile : Une Valeur Partag\u00e9e pour L'Innovation et l'Excellence","breadcrumb":{"@id":"https:\/\/jpsagsiconstruction.fr\/?page_id=2225#breadcrumb"},"inLanguage":"fr-FR","potentialAction":[{"@type":"ReadAction","target":["https:\/\/jpsagsiconstruction.fr\/?page_id=2225"]}]},{"@type":"BreadcrumbList","@id":"https:\/\/jpsagsiconstruction.fr\/?page_id=2225#breadcrumb","itemListElement":[{"@type":"ListItem","position":1,"name":"Accueil","item":"https:\/\/jpsagsiconstruction.fr\/"},{"@type":"ListItem","position":2,"name":"Nos valeurs partag\u00e9es"}]},{"@type":"WebSite","@id":"https:\/\/jpsagsiconstruction.fr\/#website","url":"https:\/\/jpsagsiconstruction.fr\/","name":"JPSA GSI CONSTRUCTION","description":"","potentialAction":[{"@type":"SearchAction","target":{"@type":"EntryPoint","urlTemplate":"https:\/\/jpsagsiconstruction.fr\/?s={search_term_string}"},"query-input":"required name=search_term_string"}],"inLanguage":"fr-FR"}]}},"_links":{"self":[{"href":"https:\/\/jpsagsiconstruction.fr\/index.php?rest_route=\/wp\/v2\/pages\/2225","targetHints":{"allow":["GET"]}}],"collection":[{"href":"https:\/\/jpsagsiconstruction.fr\/index.php?rest_route=\/wp\/v2\/pages"}],"about":[{"href":"https:\/\/jpsagsiconstruction.fr\/index.php?rest_route=\/wp\/v2\/types\/page"}],"author":[{"embeddable":true,"href":"https:\/\/jpsagsiconstruction.fr\/index.php?rest_route=\/wp\/v2\/users\/1"}],"replies":[{"embeddable":true,"href":"https:\/\/jpsagsiconstruction.fr\/index.php?rest_route=%2Fwp%2Fv2%2Fcomments&post=2225"}],"version-history":[{"count":4,"href":"https:\/\/jpsagsiconstruction.fr\/index.php?rest_route=\/wp\/v2\/pages\/2225\/revisions"}],"predecessor-version":[{"id":2230,"href":"https:\/\/jpsagsiconstruction.fr\/index.php?rest_route=\/wp\/v2\/pages\/2225\/revisions\/2230"}],"wp:attachment":[{"href":"https:\/\/jpsagsiconstruction.fr\/index.php?rest_route=%2Fwp%2Fv2%2Fmedia&parent=2225"}],"curies":[{"name":"wp","href":"https:\/\/api.w.org\/{rel}","templated":true}]}}